{"id":1470,"date":"2024-11-08T01:22:59","date_gmt":"2024-11-08T00:22:59","guid":{"rendered":"https:\/\/abicos.de\/cms\/?page_id=1470"},"modified":"2025-01-09T14:49:02","modified_gmt":"2025-01-09T13:49:02","slug":"pollator-v3-4","status":"publish","type":"page","link":"https:\/\/abicos.de\/cms\/pollator-v3-4\/","title":{"rendered":"Pollator v3.4"},"content":{"rendered":"<p>Als BUHL Data Service Partner f\u00fcr die Software WISO Mein B\u00fcro erhalten wir regelm\u00e4\u00dfig Feedback zu den Problemen im Alltag.<\/p>\n<p>So kam es vor einigen Jahren durch die Umstellung der Technik von den alten DHL Intraship \/ EasyLog Programmen auf das Gesch\u00e4ftskundenportal Versenden die Problematik auf, dass die Export Formate aus WISO Mein B\u00fcro zwar grundlegend passen &#8211; jedoch die Prozesse zu aufwendig sind.<\/p>\n<p>Das bedeutete dann entweder, die Adressen von Hand anzulegen &#8211; oder jedes einzelne Adressfile zu importieren.<\/p>\n<p>Da das weder praktisch noch effizient war, haben wir in enger Zusammenarbeit mit den Kunden den Pollator entwickelt.<\/p>\n<p><strong>Was macht der Pollator?<\/strong><br \/>Der Pollator sammelt alle Adressexporte in einem bestimmten Ordner ein und wandelt diese in ein f\u00fcr das entsprechende Logistikunternehmen passende Format um und fasst dabei die einzelnen Adressdaten in eine Datei zusammen. Hierbei k\u00f6nnen auch Pollatorversionen f\u00fcr andere Logistikunternehmen bereitgestellt werden.<\/p>\n<p><strong>Wo bekomme ich den Pollator?<\/strong><br \/>Der Pollator kann \u00fcber das Kontaktformular, oder telefonisch unter: 07486-8889000 bestellt werden.<\/p>\n<p><strong>Erhalte ich als WISO Mein B\u00fcro \/ OrgaMAX Kunde einen Rabatt?<\/strong><br \/>Noch bis zum 30.06.2025 erhalten Nutzer der Software WISO Mein B\u00fcro oder OrgaMAX den Flatrate Tarif zum Preis des Basic Paketes.<\/p>\n<p>Gilt nicht f\u00fcr bereits rabattierte Upgrade Preise f\u00fcr Bestandskunden.<\/p>\n<p><strong>Warum kann ich den Pollator nicht sofort herunterladen?<\/strong><br \/>F\u00fcr Ihr Unternehmen m\u00fcssen spezielle Parameter im Lizenzdokument und auf unserem Lizenzserver angelegt werden, dies kann leider nicht automatisiert durchgef\u00fchrt werden, weshalb ein sofortiger Download aktuell noch nicht m\u00f6glich ist. Durch die neuen Versionen 3.4 oder zuk\u00fcnftig h\u00f6her, ist jedoch die Bereitstellung innerhalb weniger Stunden m\u00f6glich.<\/p>\n<p>Bei Upgrades aus bestehenden Versionen dauert dies ca. 10 Werktage, da hier mehrere zus\u00e4tzliche manuelle Schritte notwendig sind.<\/p>\n<p><strong>Darf ich den Pollator weitergeben an andere Unternehmer oder diesen ver\u00e4ndern?<\/strong><br \/>Wir warnen ausdr\u00fccklich davor, das Programm an andere Unternehmen weiter zu geben, oder die Software gar online zu verteilen.<\/p>\n<p>Dies hat einerseits lizenzrechtliche Gr\u00fcnde, zum anderen sind in dem Tool speziell auf Ihr Unternehmen abgestimmte Abrechnungsschl\u00fcssel hinterlegt.<\/p>\n<p>Wird die Software an einen anderen Betrieb weitergegeben, so k\u00f6nnte dieser gegebenenfalls auf Ihre Rechnung Pakete versenden.<br \/>Zudem wird nach der Ausf\u00fchrung des Programms Ihr Lizenzschl\u00fcssel angezeigt.<\/p>\n<p>In den neuen Versionen ab V3.4 ist es technisch auch nicht mehr m\u00f6glich, die Software auf anderen als den lizenzierten Rechnern zu verwenden.<\/p>\n<p>Eigenst\u00e4ndige Anpassungen an der Pollator Software sind nicht gestattet und m\u00fcssen von unserem Kundenservice durchgef\u00fchrt werden.<\/p>\n<p><strong>Was kostet der Pollator?<\/strong><br \/>Die Preise entnehmen Sie bitte der Pr\u00e4sentations-PDF am Ende der Seite.<\/p>\n<p>Optional bieten wir die Einrichtung der Versanddienstleistervorlagen an, wodurch wir Ihnen eine schl\u00fcsselfertige L\u00f6sung \u00fcbergeben k\u00f6nnen.<\/p>\n<p>Falls Sie die Einrichtung selbst \u00fcbernehmen m\u00f6chten, k\u00f6nnen Sie eine Anleitung anfordern.<\/p>\n<p>Ein Wechsel der Lizenz auf einen neuen Computer ist kostenfrei m\u00f6glich, zus\u00e4tzliche Ger\u00e4te k\u00f6nnen kostenpflichtig hinzugebucht werden.<\/p>\n<p><strong>Gibt es Erm\u00e4\u00dfigungen f\u00fcr Startups \/ Neugr\u00fcnder?<\/strong><br \/>Haben Sie ein neues Unternehmen in den letzten 12 Monaten gegr\u00fcndet, so reicht uns als Nachweis die Gewerbeanmeldung. Sie erhalten dann ein verg\u00fcnstigtes Angebot.<\/p>\n<p><strong>Kann der Pollator nur f\u00fcr DHL genutzt werden?<\/strong><br \/>Nein! Der Pollator kann von uns auf nahezu jeden Versanddienstleister angepasst werden. F\u00fcr viele Versanddienstleister haben wir bereits Vorlagen und erweitern diese st\u00e4ndig. Die Liste der verf\u00fcgbaren Versanddienstleister finden Sie unter: <a href=\"https:\/\/hilfe.abicos.de\/kb\/faq.php?id=65\" target=\"_blank\" rel=\"noopener noreferrer\">Wissensdatenbank<\/a><\/p>\n<p><strong>Wie sieht es mit den \u00e4lteren Versionen &lt;V3.4 aus?<\/strong><\/p>\n<p>Die \u00e4lteren Versionen kleiner 3.4 k\u00f6nnen verg\u00fcnstigt auf die neue Version aktualisieren und wechseln damit in die neue Lizenzstruktur. F\u00fcr die Versionen kleiner 3.4 bieten wir ab dem 31.01.2025 leider keinen kostenfreien Support mehr an.<\/p>\n<p>Bis zum 30.06.2025 kann kostenpflichtiger Support genutzt werden:<\/p>\n<p>29\u20ac je Supportfall per E-Mail<\/p>\n<p>45\u20ac je Supportfall per Telefon<\/p>\n<p>Ab dem 01.07.2025 wird f\u00fcr die alten Versionen kein Support mehr angeboten. Diese Versionen k\u00f6nnen selbstverst\u00e4ndlich uneingeschr\u00e4nkt weitergenutzt werden, es gibt jedoch keinen Support mehr, so dass im Falle einer St\u00f6rung oder \u00c4nderungen auf die neuen Versionen gewechselt werden muss.<\/p>\n<p>Bei Upgrades betr\u00e4gt die Vorlaufzeit ca. 10 Werktage, das bedeutet, dass kein sofortiger Wechsel am selben Tag m\u00f6glich ist.<\/p>\n\n\n<div data-wp-interactive=\"core\/file\" class=\"wp-block-file\"><object data-wp-bind--hidden=\"!state.hasPdfPreview\" hidden class=\"wp-block-file__embed\" data=\"https:\/\/abicos.de\/cms\/wp-content\/uploads\/2025\/01\/Pollator-V3_4_2.pdf\" type=\"application\/pdf\" style=\"width:100%;height:600px\" aria-label=\"Einbettung von Pollator V3_4_2.\"><\/object><a id=\"wp-block-file--media-2412d381-f703-4faf-89d5-d6561e1d133e\" href=\"https:\/\/abicos.de\/cms\/wp-content\/uploads\/2025\/01\/Pollator-V3_4_2.pdf\">Pollator V3_4_2<\/a><a href=\"https:\/\/abicos.de\/cms\/wp-content\/uploads\/2025\/01\/Pollator-V3_4_2.pdf\" class=\"wp-block-file__button wp-element-button\" download aria-describedby=\"wp-block-file--media-2412d381-f703-4faf-89d5-d6561e1d133e\">Herunterladen<\/a><\/div>\n","protected":false},"excerpt":{"rendered":"<p>Als BUHL Data Service Partner f\u00fcr die Software WISO Mein B\u00fcro erhalten wir regelm\u00e4\u00dfig Feedback<\/p>\n","protected":false},"author":1,"featured_media":0,"parent":0,"menu_order":0,"comment_status":"closed","ping_status":"closed","template":"","meta":{"colormag_page_container_layout":"no_sidebar_full_width","colormag_page_sidebar_layout":"right_sidebar","jetpack_post_was_ever_published":false,"footnotes":""},"class_list":["post-1470","page","type-page","status-publish","hentry"],"jetpack_shortlink":"https:\/\/wp.me\/PbgHd5-nI","jetpack_sharing_enabled":true,"_links":{"self":[{"href":"https:\/\/abicos.de\/cms\/wp-json\/wp\/v2\/pages\/1470","targetHints":{"allow":["GET"]}}],"collection":[{"href":"https:\/\/abicos.de\/cms\/wp-json\/wp\/v2\/pages"}],"about":[{"href":"https:\/\/abicos.de\/cms\/wp-json\/wp\/v2\/types\/page"}],"author":[{"embeddable":true,"href":"https:\/\/abicos.de\/cms\/wp-json\/wp\/v2\/users\/1"}],"replies":[{"embeddable":true,"href":"https:\/\/abicos.de\/cms\/wp-json\/wp\/v2\/comments?post=1470"}],"version-history":[{"count":2,"href":"https:\/\/abicos.de\/cms\/wp-json\/wp\/v2\/pages\/1470\/revisions"}],"predecessor-version":[{"id":1489,"href":"https:\/\/abicos.de\/cms\/wp-json\/wp\/v2\/pages\/1470\/revisions\/1489"}],"wp:attachment":[{"href":"https:\/\/abicos.de\/cms\/wp-json\/wp\/v2\/media?parent=1470"}],"curies":[{"name":"wp","href":"https:\/\/api.w.org\/{rel}","templated":true}]}}