{"id":293,"date":"2016-08-15T04:31:44","date_gmt":"2016-08-15T04:31:44","guid":{"rendered":"http:\/\/demo.themegrill.com\/colormag-pro-technology\/?page_id=293"},"modified":"2020-08-12T12:30:01","modified_gmt":"2020-08-12T12:30:01","slug":"historie","status":"publish","type":"page","link":"https:\/\/abicos.de\/cms\/historie\/","title":{"rendered":"Historie"},"content":{"rendered":"<p>Diese Chronik wird regelm\u00e4\u00dfig aktualisiert.<\/p>\n<p>Sofern Sie zu redaktionellen Zwecken detailliertere Informationen ben\u00f6tigen kontaktiern Sie uns bitte.<\/p>\n<ul>\n<li><strong>01.03.2006<\/strong> ABICOS (Andreas Bischof Computer Systeme) wird gegr\u00fcndet.<\/li>\n<li><strong>01.08.2008<\/strong> ABICOS beginnt nun auch den Einzelhandel sowie Onlineh\u00e4ndler und Fachh\u00e4ndler mit Ware aus den Bereichen IT, Telekommunikation und Multimedia zu versorgen.<\/li>\n<li><strong>06.02.2009<\/strong> Fachh\u00e4ndler Blau.de O2 und E-Plus<\/li>\n<li><strong>09.02.2009<\/strong> Fachh\u00e4ndler Vodafone D2<\/li>\n<li><strong>08.05.2009<\/strong> ABICOS schlie\u00dft eine Partnerschaft mit Inter Assurance, von nun an k\u00f6nnen Kunden die gekauften Ger\u00e4te mit einer Garantieverl\u00e4ngerung auf 5 Jahre erg\u00e4nzen.<\/li>\n<li><strong>12.11.2009&nbsp;<\/strong>ABICOS ist nun offizieller Fachh\u00e4ndler f\u00fcr T-Mobile, T-Home<\/li>\n<li><strong>04.12.2009&nbsp;<\/strong>Fachh\u00e4ndler SES ASTRA<\/li>\n<li><strong>19.10.2010<\/strong> Eine Partnerschaft zwischen ABICOS und InternetX in Regensburg kommt zu Stande. Nun k\u00f6nnen den Kunden wettbewerbsf\u00e4hig Domains und Zertifikate angeboten werden.<\/li>\n<li><strong>28.12.2010&nbsp;<\/strong>Das Unternehmen w\u00e4chst weiter &#8211; damit auch der Umfang der angebotenen Artikel. Nun sind es bereits 400.000 verschiedene Artikel aus den Bereichen ITK, Multimedia und Hauselektronikim Sortiment. Durch einen weiteren Lieferantenvertrag bieten wir nun auch DVD und Blu-Ray Filme, sowie Spielesoftware f\u00fcr alle g\u00e4ngigen Plattformen an.<\/li>\n<li><strong>27.01.2011<\/strong> ABICOS ist nun DELL Partner.<\/li>\n<li><strong>14.02.2011<\/strong>&nbsp;SAMSUNG CE Partner.<\/li>\n<li><strong>01.03.2011<\/strong> Die SBS Electronics Filiale wird in Horb am Neckar (Ortsteil Dettingen), Degenau 3 er\u00f6ffnet. Nun sind es bereits weit \u00fcber 600.000 Artikel die unser Unternehmen an Endkunden und&nbsp;Reseller verkauft. Mit dem Standort und der Kooperation mit der Firmengruppe SBS, entstand SBS Electronics. Unter diesem Namen werden fortan die Endkunden betreut. Die Reseller werden weiterhin von ABICOS betreut.<\/li>\n<li><strong>16.05.2011<\/strong>&nbsp;ABICOS geht mit SEAGATE eine Partnerschaft ein.<\/li>\n<li><strong>26.07.2011<\/strong>&nbsp;Siemens Enterprise und ABICOS kooperieren. Von nun an erhalten auch Einrichtungen wie Schulen, Krankenh\u00e4user und Mittelst\u00e4ndische- sowie gro\u00dfe Unternehmen eine passende, qualifizierte Beratung. Ebenso k\u00f6nnen nun Produkte und Dienstleistungen bei ABICOS in Auftrag gegeben werden. Dadurch profitiert auch dieses Kundensegment von unserem bew\u00e4hrten Service.<\/li>\n<li><strong>31.08.2011<\/strong>&nbsp;ABICOS erh\u00e4lt den Fachhandelsstatus f\u00fcr Shuttle Produkte. ABICOS ist somit Ansprechpartner f\u00fcr alle Kunden aus dem Schwarzwald. Selbstverst\u00e4ndlich werden die bundesweiten Kunden ebenfalls betreut.<\/li>\n<li><strong>31.12.2011<\/strong> Das Projekt SBS-Electronics wurde fr\u00fchzeitig beendet, da die Ums\u00e4tze im station\u00e4ren Handel nicht zufriedenstellend waren.<\/li>\n<li><strong>16.03.2012<\/strong> SkyDSL &amp; EutelSAT&nbsp;kooperieren mit ABICOS. Von nun an k\u00f6nnen auch Kunden ohne oder mit langsamer Internetverbindung mit High-Speed durch das Web surfen.<\/li>\n<li><strong>01.01.2014<\/strong> Ein weiterer gro\u00dfer Meilenstein. Die Partnerschaft als zertifizierter Buhl Data Service Partner f\u00fcr die Software WISO Mein B\u00fcro beginnt.<\/li>\n<li><strong>01.10.2014&nbsp;<\/strong>Das Projekt Rauchwarnmelder.center startet. Ab sofort bietet ABICOS Rauchwarnmelder sowie deren Installation an. Die Installationen werden ausschlie\u00dflich von T\u00dcV gepr\u00fcften Fachkr\u00e4ften durchgef\u00fchrt, wodurch der ordnungsgem\u00e4\u00dfe Betrieb nach DIN Norm sichergestellt werden kann.<\/li>\n<li><strong>05.01.2015<\/strong> Reiseservice-USA Projekt beginnt.<\/li>\n<li><strong>15.03.2015<\/strong> Vertrieb von Tinten- und Tonerprodukten unter der Eigenmarke &#8222;Schwabentinte.de&#8220;.<\/li>\n<li><strong>29.01.2016<\/strong> Die Vermarktung und Installation von Auerswald Produkten beginnt.<\/li>\n<li><strong>01.03.2016<\/strong> 10 Jahre ABICOS &#8211; Wir feiern Jubil\u00e4um!<\/li>\n<li><strong>01.03.2017 <\/strong>AVM Premium Partner (2017-2020)<\/li>\n<li><strong>01.06.2017<\/strong> Der Vertrieb von Vodafone Produkten wurde eingestellt und die Partnerschaft beendet.<\/li>\n<li><strong>01.04.2018<\/strong> EPSON Business Imaging+ Silver Partner 2018<\/li>\n<li><strong>01.09.2018<\/strong> Servicepartner der BBV (Breitbandversorgung Deutschland GmbH)<\/li>\n<li><strong>01.09.2019<\/strong>&nbsp;Servicepartner der LEW<\/li>\n<\/ul>\n","protected":false},"excerpt":{"rendered":"<p>Diese Chronik wird regelm\u00e4\u00dfig aktualisiert. Sofern Sie zu redaktionellen Zwecken detailliertere Informationen ben\u00f6tigen kontaktiern Sie<\/p>\n","protected":false},"author":1,"featured_media":0,"parent":0,"menu_order":0,"comment_status":"closed","ping_status":"closed","template":"","meta":{"colormag_page_container_layout":"no_sidebar_full_width","colormag_page_sidebar_layout":"no_sidebar","jetpack_post_was_ever_published":false,"footnotes":""},"class_list":["post-293","page","type-page","status-publish","hentry"],"jetpack_shortlink":"https:\/\/wp.me\/PbgHd5-4J","jetpack_sharing_enabled":true,"_links":{"self":[{"href":"https:\/\/abicos.de\/cms\/wp-json\/wp\/v2\/pages\/293","targetHints":{"allow":["GET"]}}],"collection":[{"href":"https:\/\/abicos.de\/cms\/wp-json\/wp\/v2\/pages"}],"about":[{"href":"https:\/\/abicos.de\/cms\/wp-json\/wp\/v2\/types\/page"}],"author":[{"embeddable":true,"href":"https:\/\/abicos.de\/cms\/wp-json\/wp\/v2\/users\/1"}],"replies":[{"embeddable":true,"href":"https:\/\/abicos.de\/cms\/wp-json\/wp\/v2\/comments?post=293"}],"version-history":[{"count":8,"href":"https:\/\/abicos.de\/cms\/wp-json\/wp\/v2\/pages\/293\/revisions"}],"predecessor-version":[{"id":894,"href":"https:\/\/abicos.de\/cms\/wp-json\/wp\/v2\/pages\/293\/revisions\/894"}],"wp:attachment":[{"href":"https:\/\/abicos.de\/cms\/wp-json\/wp\/v2\/media?parent=293"}],"curies":[{"name":"wp","href":"https:\/\/api.w.org\/{rel}","templated":true}]}}