{"id":692,"date":"2019-01-20T17:12:12","date_gmt":"2019-01-20T17:12:12","guid":{"rendered":"https:\/\/abicos.de\/cms\/?page_id=692"},"modified":"2020-10-15T12:14:46","modified_gmt":"2020-10-15T12:14:46","slug":"datenrettung-datenloeschung","status":"publish","type":"page","link":"https:\/\/abicos.de\/cms\/datenrettung-datenloeschung\/","title":{"rendered":"Datenrettung &#038; Datenl\u00f6schung"},"content":{"rendered":"\n<div class=\"wp-block-image\"><figure class=\"alignleft size-large is-resized\"><a href=\"https:\/\/www.ontrack.com\/de-de\/datenrettung\/anfrage-datenrettung\/?partnerid=1021971\"><img data-recalc-dims=\"1\" loading=\"lazy\" decoding=\"async\" src=\"https:\/\/i0.wp.com\/abicos.de\/cms\/wp-content\/uploads\/2020\/10\/ontrackautorisierterpartner_c-1.jpg?resize=501%2C132&#038;ssl=1\" alt=\"\" class=\"wp-image-934\" width=\"501\" height=\"132\" srcset=\"https:\/\/i0.wp.com\/abicos.de\/cms\/wp-content\/uploads\/2020\/10\/ontrackautorisierterpartner_c-1.jpg?resize=1024%2C270&amp;ssl=1 1024w, https:\/\/i0.wp.com\/abicos.de\/cms\/wp-content\/uploads\/2020\/10\/ontrackautorisierterpartner_c-1.jpg?resize=300%2C79&amp;ssl=1 300w, https:\/\/i0.wp.com\/abicos.de\/cms\/wp-content\/uploads\/2020\/10\/ontrackautorisierterpartner_c-1.jpg?resize=768%2C202&amp;ssl=1 768w, https:\/\/i0.wp.com\/abicos.de\/cms\/wp-content\/uploads\/2020\/10\/ontrackautorisierterpartner_c-1.jpg?resize=1536%2C405&amp;ssl=1 1536w, https:\/\/i0.wp.com\/abicos.de\/cms\/wp-content\/uploads\/2020\/10\/ontrackautorisierterpartner_c-1.jpg?w=1746&amp;ssl=1 1746w, https:\/\/i0.wp.com\/abicos.de\/cms\/wp-content\/uploads\/2020\/10\/ontrackautorisierterpartner_c-1.jpg?w=1600&amp;ssl=1 1600w\" sizes=\"auto, (max-width: 501px) 100vw, 501px\" \/><\/a><\/figure><\/div>\n\n\n\n<p><\/p>\n\n\n\n<p><\/p>\n\n\n\n<p><\/p>\n\n\n\n<p><strong>Datenverlust kann jeden treffen!<\/strong><\/p>\n\n\n\n<p>Leider erhalten wir &amp; damit auch Ontrack vermehrt Speichermedien die bereits ge\u00f6ffnet wurden, weil die Kunden nicht wissen wie mit Daten&#8220;unf\u00e4llen&#8220; umzugehen ist.<\/p>\n\n\n\n<p>Wird ein Datentr\u00e4ger unsachgem\u00e4\u00df ge\u00f6ffnet, so werden die Daten aufs Spiel gesetzt und damit oftmals ein endg\u00fcltiger Datenverlust provoziert.<\/p>\n\n\n\n<p><strong>Sie haben nur einen Versuch!<\/strong><\/p>\n\n\n\n<p>Schenken Sie uns Ihr Vertrauen. Als zertifizierter Datenrettungspartner gehen Sie keinerlei Risiken ein. (<a href=\"https:\/\/www.abicos.eu\/%C3%BCber-uns\/zertifikate\/\">Zertifikate anzeigen&#8230;<\/a>)<\/p>\n\n\n\n<p><strong>Datenl\u00f6schung ist genau so&nbsp;wichtig wie Daten zu speichern.<\/strong><\/p>\n\n\n\n<p>Sie sind dabei ein Speichermedium (z.B. Festplatte, USB Stick, Memory Card etc.) auszumustern?<\/p>\n\n\n\n<p>Denken Sie daran: Daten sind wertvoll und sind oft nicht fachgerecht gel\u00f6scht. Denn nur fachgerecht gel\u00f6schte Datentr\u00e4ger k\u00f6nnen nicht mehr ausgelesen werden.<\/p>\n\n\n\n<p>In der vergangenen Zeit h\u00f6rte man \u00f6fter von E-Bay Kunden, die gezielt Festplatten kauften um g\u00fcnstig Daten zu sammeln.<\/p>\n\n\n\n<p>Wie das funktioniert? Ganz einfach:<br><br>Durch einfaches Formatieren (L\u00f6schen) des Datentr\u00e4gers scheinen zun\u00e4chst die Daten entsorgt.<\/p>\n\n\n\n<p>Doch Profis ist es m\u00f6glich auch Festplatten die mehrmals Formatiert wurden so aufzubereiten, dass die Daten des Vorbesitzers sichtbar werden.<\/p>\n\n\n\n<p>Daher wenden Sie sich bitte vertrauensvoll an uns &#8211; nur professionell gel\u00f6schte Datentr\u00e4ger sind sicher.<\/p>\n","protected":false},"excerpt":{"rendered":"<p>Datenverlust kann jeden treffen! Leider erhalten wir &amp; damit auch Ontrack vermehrt Speichermedien die bereits<\/p>\n","protected":false},"author":1,"featured_media":0,"parent":0,"menu_order":0,"comment_status":"closed","ping_status":"closed","template":"","meta":{"colormag_page_container_layout":"default_layout","colormag_page_sidebar_layout":"default_layout","jetpack_post_was_ever_published":false,"footnotes":""},"class_list":["post-692","page","type-page","status-publish","hentry"],"jetpack_shortlink":"https:\/\/wp.me\/PbgHd5-ba","jetpack_sharing_enabled":true,"_links":{"self":[{"href":"https:\/\/abicos.de\/cms\/wp-json\/wp\/v2\/pages\/692","targetHints":{"allow":["GET"]}}],"collection":[{"href":"https:\/\/abicos.de\/cms\/wp-json\/wp\/v2\/pages"}],"about":[{"href":"https:\/\/abicos.de\/cms\/wp-json\/wp\/v2\/types\/page"}],"author":[{"embeddable":true,"href":"https:\/\/abicos.de\/cms\/wp-json\/wp\/v2\/users\/1"}],"replies":[{"embeddable":true,"href":"https:\/\/abicos.de\/cms\/wp-json\/wp\/v2\/comments?post=692"}],"version-history":[{"count":4,"href":"https:\/\/abicos.de\/cms\/wp-json\/wp\/v2\/pages\/692\/revisions"}],"predecessor-version":[{"id":941,"href":"https:\/\/abicos.de\/cms\/wp-json\/wp\/v2\/pages\/692\/revisions\/941"}],"wp:attachment":[{"href":"https:\/\/abicos.de\/cms\/wp-json\/wp\/v2\/media?parent=692"}],"curies":[{"name":"wp","href":"https:\/\/api.w.org\/{rel}","templated":true}]}}