{"id":694,"date":"2019-01-20T17:14:25","date_gmt":"2019-01-20T17:14:25","guid":{"rendered":"https:\/\/abicos.de\/cms\/?page_id=694"},"modified":"2020-08-12T12:27:41","modified_gmt":"2020-08-12T12:27:41","slug":"mofo24","status":"publish","type":"page","link":"https:\/\/abicos.de\/cms\/mofo24\/","title":{"rendered":"MoFo24.de"},"content":{"rendered":"\n<p>Jeder schaut heute auf das liebe Geld. Vor allem versucht man oft an den falschen Ecken zu sparen.<\/p>\n\n\n\n<p>Wir haben ein Verfahren entwickelt mit dem es uns m\u00f6glich ist, am richtigen Platz zu sparen, ohne auf gewohntes zu verzichten.<\/p>\n\n\n\n<p>Bei unseren Marktforschungen und der Verfahrensentwicklung haben wir festgestellt dass 80%&nbsp;unserer Mitb\u00fcrger\/innen zu viel f\u00fcr Telekommunikation (Handy, Festnetz, Internet) bezahlen.<\/p>\n\n\n\n<p>Wir haben herausgefunden, dass dieser Anteil im Durchschnitt 25-50% der monatlichen Rechnungen&nbsp;<strong>zu viel<\/strong>&nbsp;bezahlt.<\/p>\n\n\n\n<p>Die bei unseren Kunden eingesparte j\u00e4hrliche Durchschnittssumme liegt bei 542,60\u20ac.<\/p>\n\n\n\n<p><strong>Was k\u00f6nnten Sie mit 542,60\u20ac alles kaufen?<\/strong><\/p>\n\n\n\n<p>Mit dem Geld das Sie bisher verschenkt haben, k\u00f6nnten Sie rein rechnerisch jedes Jahr einen kurzen extra&nbsp;<strong>Urlaub<\/strong>&nbsp;einlegen.<\/p>\n\n\n\n<p><strong>Wie funktioniert es?<\/strong><\/p>\n\n\n\n<p>Wir analysieren Ihre Gewohnheiten (zum Beispiel wie viel Sie telefonieren, wie viel Datenvolumen ben\u00f6tigt wird etc.). Diese Informationen werden nutzen wir um Ihre Tarife zu optimieren.<\/p>\n\n\n\n<p>Hierzu erhalten Sie von uns Vorschl\u00e4ge f\u00fcr m\u00f6gliche Anpassungen und bekommen die Informationen die Sie ben\u00f6tigen.<\/p>\n\n\n\n<p>Nehmen Sie sich die Zeit und kontaktieren Sie uns &#8211; fangen auch Sie an, am richtigen Ende zu sparen, denn Mobilfunkvertr\u00e4ge und Festnetz Produkte von ABICOS lohnen sich.<\/p>\n\n\n\n<p>Profitieren Sie von unserer Erfahrung als Fachh\u00e4ndler und unseren Kooperationspartnern: Vodafone, Telekom, 1&amp;1, o2, BASE, E-Plus, Kabel BW und vielen mehr.<\/p>\n\n\n\n<p><strong>Unser Versprechen<\/strong>: Sie erhalten die Beratung und Analyse kostenfrei. Sollten Sie weniger als 5\u20ac pro Monat sparen erhalten Sie von uns&nbsp;<strong>5\u20ac in Bar f\u00fcr Ihren Zeitaufwand<\/strong>*.<\/p>\n\n\n\n<p>* 5\u20ac in Bar nur g\u00fcltig f\u00fcr Neukunden, welche noch keine Analyse in unserem Unternehmen&nbsp;genutzt haben.<\/p>\n","protected":false},"excerpt":{"rendered":"<p>Jeder schaut heute auf das liebe Geld. Vor allem versucht man oft an den falschen<\/p>\n","protected":false},"author":1,"featured_media":0,"parent":0,"menu_order":0,"comment_status":"closed","ping_status":"closed","template":"","meta":{"colormag_page_container_layout":"default_layout","colormag_page_sidebar_layout":"default_layout","jetpack_post_was_ever_published":false,"footnotes":""},"class_list":["post-694","page","type-page","status-publish","hentry"],"jetpack_shortlink":"https:\/\/wp.me\/PbgHd5-bc","jetpack_sharing_enabled":true,"_links":{"self":[{"href":"https:\/\/abicos.de\/cms\/wp-json\/wp\/v2\/pages\/694","targetHints":{"allow":["GET"]}}],"collection":[{"href":"https:\/\/abicos.de\/cms\/wp-json\/wp\/v2\/pages"}],"about":[{"href":"https:\/\/abicos.de\/cms\/wp-json\/wp\/v2\/types\/page"}],"author":[{"embeddable":true,"href":"https:\/\/abicos.de\/cms\/wp-json\/wp\/v2\/users\/1"}],"replies":[{"embeddable":true,"href":"https:\/\/abicos.de\/cms\/wp-json\/wp\/v2\/comments?post=694"}],"version-history":[{"count":4,"href":"https:\/\/abicos.de\/cms\/wp-json\/wp\/v2\/pages\/694\/revisions"}],"predecessor-version":[{"id":707,"href":"https:\/\/abicos.de\/cms\/wp-json\/wp\/v2\/pages\/694\/revisions\/707"}],"wp:attachment":[{"href":"https:\/\/abicos.de\/cms\/wp-json\/wp\/v2\/media?parent=694"}],"curies":[{"name":"wp","href":"https:\/\/api.w.org\/{rel}","templated":true}]}}