{"id":697,"date":"2019-01-20T17:26:35","date_gmt":"2019-01-20T17:26:35","guid":{"rendered":"https:\/\/abicos.de\/cms\/?page_id=697"},"modified":"2024-07-03T19:13:55","modified_gmt":"2024-07-03T18:13:55","slug":"webhosting","status":"publish","type":"page","link":"https:\/\/abicos.de\/cms\/webhosting\/","title":{"rendered":"Webhosting"},"content":{"rendered":"\n<h1 class=\"wp-block-heading\" id=\"unsere-webhosting-pakete\">Unsere Webhosting Pakete (f\u00fcr Vereine und Gewerbliche Kunden)<\/h1>\n\n\n\n<p>Nutzen Sie unsere Webhosting Pakete &#8211; sicheres, schnelles und g\u00fcnstiges Webhosting &#8211; Made in Germany.<\/p>\n\n\n\n<p>Ihre Daten werden garantiert in Deutschland gehostet und nicht im Ausland.<\/p>\n\n\n\n<p>Zudem bieten wir Ihnen erstklassigen Support inklusive.<\/p>\n\n\n\n<p>Alle Preise verstehen sich inklusive der aktuell geltenden Mehrwertsteuer.<\/p>\n\n\n\n<p>Viele weitere Funktionen sind bereits inklusive &#8211; auch spezielle W\u00fcnsche k\u00f6nnen wir erf\u00fcllen.<\/p>\n\n\n\n<p>Fragen Sie uns gerne!<\/p>\n\n\n\n<figure class=\"wp-block-table is-style-stripes\"><table><tbody><tr><td class=\"has-text-align-left\" data-align=\"left\"><strong>Hosting S <\/strong><\/td><td class=\"has-text-align-left\" data-align=\"left\"><strong>Hosting S+<\/strong><\/td><td class=\"has-text-align-left\" data-align=\"left\"><strong>Hosting M<\/strong><\/td><td class=\"has-text-align-left\" data-align=\"left\"><strong>Hosting M+<\/strong><\/td><td class=\"has-text-align-left\" data-align=\"left\"><strong>Hosting L<\/strong><\/td><td class=\"has-text-align-left\" data-align=\"left\"><strong>Hosting XL<\/strong><\/td><\/tr><tr><td class=\"has-text-align-left\" data-align=\"left\">4,99\u20ac \/ Monat**<br>15GB Speicher<br>1 .de Domain<br>1 SSL Zertifikat*<br>2 Subdomains<br>5 Postf\u00e4cher (2GB)<br>1 MySQL Datenbank<br>Webstatistiken<br>PHP8, Perl uvm.<br>Webmail<br><br>F\u00fcr kleine Webseiten und Startups<\/td><td class=\"has-text-align-left\" data-align=\"left\">8,99\u20ac \/ Monat**<br>30GB Speicher<br>1 .de Domain<br>1 SSL Zertifikat*<br>2 Subdomains<br>5 Postf\u00e4cher (5GB)<br>1 MySQL Datenbank<br>Webstatistiken<br>PHP8, Perl uvm.<br>Webmail<br><br>F\u00fcr kleine Webseiten und Kunden die mehr Speicher ben\u00f6tigen<br><\/td><td class=\"has-text-align-left\" data-align=\"left\">14,99\u20ac \/ Monat***<br>50 GB Speicher<br>2 .de oder .eu Domains<br>2 SSL Zertifikate*<br>5 Subdomains<br>15 Postf\u00e4cher (10GB)<br>3 MySQL Datenbanken<br>Webstatistiken<br>PHP8, Perl uvm.<br>Webmail<br><br>F\u00fcr mittlere Projekte wie kleine Webshops mit m\u00e4\u00dfigen Zugriffszahlen.<\/td><td class=\"has-text-align-left\" data-align=\"left\">24,99\u20ac \/ Monat***<br>100 GB Speicher<br>2 .de oder .eu Domains<br>2 SSL Zertifikate*<br>5 Subdomains<br>15 Postf\u00e4cher (15GB)<br>3 MySQL Datenbanken<br>Webstatistiken<br>PHP8, Perl uvm.<br>Webmail<br><br>F\u00fcr Projekte, Firmen und Vereine die mehr Speicher ben\u00f6tigen, jedoch m\u00e4\u00dfige Besucherzahlen haben.<\/td><td class=\"has-text-align-left\" data-align=\"left\">34,99\u20ac \/ Monat***<br>75GB SSD Speicher<br>5 .de oder .eu Domains <br>5 SSL Zertifikate*<br>20 Subdomains<br>25 Postf\u00e4cher (15 GB)<br>20 MySQL Datenbanken<br>Webstatistiken<br>PHP8, Perl uvm.<br>Webmail<br><br>F\u00fcr Kunden die Performance und extrem schnelle Ladezeiten ben\u00f6tigen.<\/td><td class=\"has-text-align-left\" data-align=\"left\">49,99\u20ac \/ Monat***<br>150 GB SSD Speicher<br>6 .de oder .eu Domains <br>6 SSL Zertifikate*<br>50 Subdomains<br>50 Postf\u00e4cher (25 GB)<br>50 MySQL Datenbanken<br>Webstatistiken<br>PHP8, Perl uvm.<br>Webmail<br><br>F\u00fcr Portale, Webshops oder Seiten mit hohen Besucherzahlen und maximaler Performance.<\/td><\/tr><\/tbody><\/table><\/figure>\n\n\n\n<p><\/p>\n\n\n\n<p>* SSL Zertifikat kostenlos inklusive, sofern die Domain bei uns registriert wird.<\/p>\n\n\n\n<p>** 12 Monate Mindestlaufzeit, alle Tarife auch ohne Mindestlaufzeit f\u00fcr 3\u20ac \/ Monat Aufpreis erh\u00e4ltlich.<\/p>\n\n\n\n<p>*** 12 Monate Mindestlaufzeit, alle Tarife auch ohne Mindestlaufzeit f\u00fcr 5\u20ac \/ Monat Aufpreis erh\u00e4ltlich.<\/p>\n","protected":false},"excerpt":{"rendered":"<p>Unsere Webhosting Pakete (f\u00fcr Vereine und Gewerbliche Kunden) Nutzen Sie unsere Webhosting Pakete &#8211; sicheres,<\/p>\n","protected":false},"author":1,"featured_media":0,"parent":0,"menu_order":0,"comment_status":"closed","ping_status":"closed","template":"","meta":{"colormag_page_container_layout":"default_layout","colormag_page_sidebar_layout":"default_layout","jetpack_post_was_ever_published":false,"footnotes":""},"class_list":["post-697","page","type-page","status-publish","hentry"],"jetpack_shortlink":"https:\/\/wp.me\/PbgHd5-bf","jetpack_sharing_enabled":true,"_links":{"self":[{"href":"https:\/\/abicos.de\/cms\/wp-json\/wp\/v2\/pages\/697","targetHints":{"allow":["GET"]}}],"collection":[{"href":"https:\/\/abicos.de\/cms\/wp-json\/wp\/v2\/pages"}],"about":[{"href":"https:\/\/abicos.de\/cms\/wp-json\/wp\/v2\/types\/page"}],"author":[{"embeddable":true,"href":"https:\/\/abicos.de\/cms\/wp-json\/wp\/v2\/users\/1"}],"replies":[{"embeddable":true,"href":"https:\/\/abicos.de\/cms\/wp-json\/wp\/v2\/comments?post=697"}],"version-history":[{"count":15,"href":"https:\/\/abicos.de\/cms\/wp-json\/wp\/v2\/pages\/697\/revisions"}],"predecessor-version":[{"id":1458,"href":"https:\/\/abicos.de\/cms\/wp-json\/wp\/v2\/pages\/697\/revisions\/1458"}],"wp:attachment":[{"href":"https:\/\/abicos.de\/cms\/wp-json\/wp\/v2\/media?parent=697"}],"curies":[{"name":"wp","href":"https:\/\/api.w.org\/{rel}","templated":true}]}}